{"id":7494,"date":"2026-01-05T19:00:05","date_gmt":"2026-01-06T03:00:05","guid":{"rendered":"https:\/\/nangihotelboutique.com\/?page_id=7494"},"modified":"2026-04-17T15:32:35","modified_gmt":"2026-04-17T22:32:35","slug":"contacto","status":"publish","type":"page","link":"https:\/\/nangihotelboutique.com\/es\/contacto\/","title":{"rendered":"Contacto"},"content":{"rendered":"<main id='bde-main'><section class=\"bde-section-7494-118 bde-section\">\n  \n  \n\t\n\n\n\n<div class=\"section-container\"><div class=\"bde-div-7494-106 bde-div\">\n  \n  \n\t\n\n\n\n<h1 class=\"bde-heading-7494-103 bde-heading\">\nContacto\n<\/h1><h2 class=\"bde-heading-7494-101 bde-heading\">\nCont\u00e1ctanos y d\u00e9janos encargarnos del resto\n<\/h2><div class=\"bde-text-7494-105 bde-text\">\nCompleta el formulario y nuestro equipo se pondr\u00e1 en contacto contigo para atender tu solicitud con el cuidado y la atenci\u00f3n que mereces.\n<\/div>\n<\/div><div class=\"bde-div-7494-104 bde-div\">\n  \n  \n\t\n\n\n\n<div class=\"bde-form-builder-7494-102 bde-form-builder\">\n\n<form id=\"formulario-de-contacto102\" class=\"breakdance-form breakdance-form--vertical\" data-options=\"{&quot;slug&quot;:&quot;custom&quot;,&quot;name&quot;:&quot;Formulario de contacto&quot;,&quot;ajaxUrl&quot;:&quot;https:\\\/\\\/nangihotelboutique.com\\\/wp-admin\\\/admin-ajax.php&quot;,&quot;clearOnSuccess&quot;:true,&quot;hideOnSuccess&quot;:false,&quot;successMessage&quot;:&quot;Hemos recibido tu mensaje. En breve, uno de nuestros asesores se comunicar\\u00e1 contigo para brindarte una atenci\\u00f3n personalizada.&quot;,&quot;errorMessage&quot;:&quot;Algo sali\\u00f3 mal.&quot;,&quot;redirect&quot;:false,&quot;redirectUrl&quot;:&quot;&quot;,&quot;customJavaScript&quot;:&quot;&quot;,&quot;recaptcha&quot;:{&quot;key&quot;:&quot;&quot;,&quot;enabled&quot;:false},&quot;honeypot_enabled&quot;:false,&quot;popupsOnSuccess&quot;:[],&quot;popupsOnError&quot;:[]}\" data-steps=\"0\" >\n  \n  \n  \n<div class=\"breakdance-form-field breakdance-form-field--text\" >\n    \n    \n            <label class=\"breakdance-form-field__label\" for=\"nombre\">\n            Nombre<span class=\"breakdance-form-field__required\">*<\/span>\n        <\/label>\n    \n    <input\n    class=\"breakdance-form-field__input\"\n    id=\"nombre\"\n    aria-describedby=\"nombre\"\n    type=\"text\"\n    name=\"fields[nombre]\"\n    placeholder=\"Nombre*\"\n    value=\"\"\n                \n        \n        \n    required\n    \n    \n    \n    \n    \n>\n\n\n    \n    \n<\/div>\n\n\n<div class=\"breakdance-form-field breakdance-form-field--text\" >\n    \n    \n            <label class=\"breakdance-form-field__label\" for=\"apellido\">\n            Apellido<span class=\"breakdance-form-field__required\">*<\/span>\n        <\/label>\n    \n    <input\n    class=\"breakdance-form-field__input\"\n    id=\"apellido\"\n    aria-describedby=\"apellido\"\n    type=\"text\"\n    name=\"fields[apellido]\"\n    placeholder=\"Apellido*\"\n    value=\"\"\n                \n        \n        \n    required\n    \n    \n    \n    \n    \n>\n\n\n    \n    \n<\/div>\n\n\n<div class=\"breakdance-form-field breakdance-form-field--email\" >\n    \n    \n            <label class=\"breakdance-form-field__label\" for=\"email\">\n            E-mail<span class=\"breakdance-form-field__required\">*<\/span>\n        <\/label>\n    \n    <input\n    class=\"breakdance-form-field__input\"\n    id=\"email\"\n    aria-describedby=\"email\"\n    type=\"email\"\n    name=\"fields[email]\"\n    placeholder=\"tu@email.com\"\n    value=\"\"\n                \n        \n        \n    required\n    \n    \n    \n    \n    \n>\n\n\n    \n    \n<\/div>\n\n\n<div class=\"breakdance-form-field breakdance-form-field--tel\" >\n    \n    \n            <label class=\"breakdance-form-field__label\" for=\"telefono\">\n            Tel\u00e9fono<span class=\"breakdance-form-field__required\">*<\/span>\n        <\/label>\n    \n    <input\n    class=\"breakdance-form-field__input\"\n    id=\"telefono\"\n    aria-describedby=\"telefono\"\n    type=\"tel\"\n    name=\"fields[telefono]\"\n    placeholder=\"+52 (___) ___ ____\"\n    value=\"\"\n                \n        \n        \n    required\n    \n    \n    \n    \n    \n>\n\n\n    \n    \n<\/div>\n\n\n<div class=\"breakdance-form-field breakdance-form-field--textarea\" >\n    \n    \n            <label class=\"breakdance-form-field__label\" for=\"comentarios\">\n            Comentarios<span class=\"breakdance-form-field__required\">*<\/span>\n        <\/label>\n    \n    <textarea\n    class=\"breakdance-form-field__input\"\n    id=\"comentarios\"\n    aria-describedby=\"comentarios\"\n    type=\"textarea\"\n    name=\"fields[comentarios]\"\n        rows=\"5\"\n        placeholder=\"Cu\u00e9ntanos c\u00f3mo podemos ayudarte o qu\u00e9 experiencia te gustar\u00eda vivir.\"\n    required\n    \n    \n    >\n<\/textarea>\n\n\n    \n    \n<\/div>\n\n\n<div class=\"breakdance-form-field breakdance-form-field--checkbox\" >\n    \n    \n    \n    <fieldset role=\"group\"\n    >\n          <div class=\"breakdance-form-checkbox\">\n          <input\n              type=\"checkbox\"\n              name=\"fields[avisoprivacidad]\"\n              value=\"He le\u00eddo y acepto el aviso de privacidad.\"\n              id=\"avisoprivacidad-1\"\n              \n              \n                        >\n          <label class=\"breakdance-form-checkbox__text\" for=\"avisoprivacidad-1\">He le\u00eddo y acepto el aviso de privacidad.<\/label>\n      <\/div>\n  <\/fieldset>\n\n\n\n    \n    \n<\/div><div class=\"breakdance-form-field breakdance-form-footer\">    \n    \n    \n    \n    \n            \n            <button type=\"submit\" class=\"button-atom button-atom--primary breakdance-form-button breakdance-form-button__submit\"  >\n    \n        <span class=\"button-atom__text\">Enviar mensaje<\/span>\n\n        \n        \n            <\/button>\n    \n    <input type=\"hidden\" name=\"form_id\" value=\"102\">\n    <input type=\"hidden\" name=\"post_id\" value=\"7494\">\n<\/div>\n\n  \n<\/form>\n\n\n<\/div><div class=\"bde-text-7494-107 bde-text\">\nTus datos ser\u00e1n tratados de manera confidencial y utilizados exclusivamente para fines de atenci\u00f3n y seguimiento de tu solicitud.\n<\/div>\n<\/div><\/div>\n<\/section><section class=\"bde-section-7494-119 bde-section\">\n  \n  \n\t\n\n\n\n<div class=\"section-container\"><div class=\"bde-columns-7494-120 bde-columns\"><div class=\"bde-column-7494-121 bde-column\">\n  \n  \n\t\n\n\n\n<div class=\"bde-div-7494-123 bde-div\">\n  \n  \n\t\n\n\n\n<div class=\"bde-icon-list-7494-115 bde-icon-list\">\n<ul>\n  \n              \n    <li>\n              <div class='bde-icon-list__item-wrapper'>\n      \n      <span class='bde-icon-list__icon' aria-hidden='true'>\n        <svg xmlns=\"http:\/\/www.w3.org\/2000\/svg\" viewBox=\"0 0 448 512\"><!--! Font Awesome Free 6.5.1 by @fontawesome - https:\/\/fontawesome.com License - https:\/\/fontawesome.com\/license\/free (Icons: CC BY 4.0, Fonts: SIL OFL 1.1, Code: MIT License) Copyright 2023 Fonticons, Inc. --><path d=\"M429.6 92.1c4.9-11.9 2.1-25.6-7-34.7s-22.8-11.9-34.7-7l-352 144c-14.2 5.8-22.2 20.8-19.3 35.8s16.1 25.8 31.4 25.8H224V432c0 15.3 10.8 28.4 25.8 31.4s30-5.1 35.8-19.3l144-352z\"\/><\/svg>\n      <\/span>\n      <span class='bde-icon-list__text' >\n      Ubicaci\u00f3n Nangi Hotel Boutique<br>Carretera Tecate \u2013 Ensenada, Km. 75 Valle de Guadalupe, Baja California, M\u00e9xico\n      <\/span>\n              <\/div>\n      \n    <\/li>\n\n  <\/ul>\n\n<\/div>\n<\/div><div class=\"bde-icon-list-7494-117 bde-icon-list\">\n<ul>\n  \n              \n    <li>\n                      \n            \n            \n\n    \n    \n    \n    \n    \n    <a class=\"breakdance-link bde-icon-list__item-wrapper\" href=\"mailto:info@nangihotelboutique.com?subject=&body=\" target=\"_self\" data-type=\"contact\"  >\n\n      \n      <span class='bde-icon-list__icon' aria-hidden='true'>\n        <svg xmlns=\"http:\/\/www.w3.org\/2000\/svg\" viewBox=\"0 0 512 512\"><!-- Font Awesome Free 5.15.1 by @fontawesome - https:\/\/fontawesome.com License - https:\/\/fontawesome.com\/license\/free (Icons: CC BY 4.0, Fonts: SIL OFL 1.1, Code: MIT License) --><path d=\"M256 8C119.033 8 8 119.033 8 256s111.033 248 248 248 248-111.033 248-248S392.967 8 256 8zm0 48c110.532 0 200 89.451 200 200 0 110.532-89.451 200-200 200-110.532 0-200-89.451-200-200 0-110.532 89.451-200 200-200m140.204 130.267l-22.536-22.718c-4.667-4.705-12.265-4.736-16.97-.068L215.346 303.697l-59.792-60.277c-4.667-4.705-12.265-4.736-16.97-.069l-22.719 22.536c-4.705 4.667-4.736 12.265-.068 16.971l90.781 91.516c4.667 4.705 12.265 4.736 16.97.068l172.589-171.204c4.704-4.668 4.734-12.266.067-16.971z\"\/><\/svg>\n      <\/span>\n      <span class='bde-icon-list__text' >\n      info@nangihotelboutique.com\n      <\/span>\n                  <\/a>\n\n      \n    <\/li>\n\n  \n              \n    <li>\n                      \n            \n            \n\n    \n    \n    \n    \n    \n    <a class=\"breakdance-link bde-icon-list__item-wrapper\" href=\"mailto:gerencia@nangihotelboutique.com?subject=&body=\" target=\"_self\" data-type=\"contact\"  >\n\n      \n      <span class='bde-icon-list__icon' aria-hidden='true'>\n        <svg xmlns=\"http:\/\/www.w3.org\/2000\/svg\" viewBox=\"0 0 512 512\"><!-- Font Awesome Free 5.15.1 by @fontawesome - https:\/\/fontawesome.com License - https:\/\/fontawesome.com\/license\/free (Icons: CC BY 4.0, Fonts: SIL OFL 1.1, Code: MIT License) --><path d=\"M256 8C119.033 8 8 119.033 8 256s111.033 248 248 248 248-111.033 248-248S392.967 8 256 8zm0 48c110.532 0 200 89.451 200 200 0 110.532-89.451 200-200 200-110.532 0-200-89.451-200-200 0-110.532 89.451-200 200-200m140.204 130.267l-22.536-22.718c-4.667-4.705-12.265-4.736-16.97-.068L215.346 303.697l-59.792-60.277c-4.667-4.705-12.265-4.736-16.97-.069l-22.719 22.536c-4.705 4.667-4.736 12.265-.068 16.971l90.781 91.516c4.667 4.705 12.265 4.736 16.97.068l172.589-171.204c4.704-4.668 4.734-12.266.067-16.971z\"\/><\/svg>\n      <\/span>\n      <span class='bde-icon-list__text' >\n      gerencia@nangihotelboutique.com\n      <\/span>\n                  <\/a>\n\n      \n    <\/li>\n\n  <\/ul>\n\n<\/div>\n<\/div><div class=\"bde-column-7494-122 bde-column\">\n  \n  \n\t\n\n\n\n<div class=\"bde-icon-list-7494-116 bde-icon-list\">\n<ul>\n  \n              \n    <li>\n                      \n            \n            \n\n    \n    \n    \n    \n    \n    <a class=\"breakdance-link bde-icon-list__item-wrapper\" href=\"https:\/\/api.whatsapp.com\/send?phone=+526645871903&text=\u00a1Hola! Me gustar\u00eda m\u00e1s informaci\u00f3n sobre Nangi Hotel y Boutique.\" target=\"_self\" data-type=\"contact\"  >\n\n      \n      <span class='bde-icon-list__icon' aria-hidden='true'>\n        <svg xmlns=\"http:\/\/www.w3.org\/2000\/svg\" id=\"icon-whatsapp\" viewBox=\"0 0 32 32\">\n<path d=\"M27.281 4.65c-2.994-3-6.975-4.65-11.219-4.65-8.738 0-15.85 7.112-15.85 15.856 0 2.794 0.731 5.525 2.119 7.925l-2.25 8.219 8.406-2.206c2.319 1.262 4.925 1.931 7.575 1.931h0.006c0 0 0 0 0 0 8.738 0 15.856-7.113 15.856-15.856 0-4.238-1.65-8.219-4.644-11.219zM16.069 29.050v0c-2.369 0-4.688-0.637-6.713-1.837l-0.481-0.288-4.987 1.306 1.331-4.863-0.313-0.5c-1.325-2.094-2.019-4.519-2.019-7.012 0-7.269 5.912-13.181 13.188-13.181 3.519 0 6.831 1.375 9.319 3.862 2.488 2.494 3.856 5.8 3.856 9.325-0.006 7.275-5.919 13.188-13.181 13.188zM23.294 19.175c-0.394-0.2-2.344-1.156-2.706-1.288s-0.625-0.2-0.894 0.2c-0.262 0.394-1.025 1.288-1.256 1.556-0.231 0.262-0.462 0.3-0.856 0.1s-1.675-0.619-3.188-1.969c-1.175-1.050-1.975-2.35-2.206-2.744s-0.025-0.613 0.175-0.806c0.181-0.175 0.394-0.463 0.594-0.694s0.262-0.394 0.394-0.662c0.131-0.262 0.069-0.494-0.031-0.694s-0.894-2.15-1.219-2.944c-0.319-0.775-0.65-0.669-0.894-0.681-0.231-0.012-0.494-0.012-0.756-0.012s-0.694 0.1-1.056 0.494c-0.363 0.394-1.387 1.356-1.387 3.306s1.419 3.831 1.619 4.1c0.2 0.262 2.794 4.269 6.769 5.981 0.944 0.406 1.681 0.65 2.256 0.837 0.95 0.3 1.813 0.256 2.494 0.156 0.762-0.113 2.344-0.956 2.675-1.881s0.331-1.719 0.231-1.881c-0.094-0.175-0.356-0.275-0.756-0.475z\"\/>\n<\/svg>\n      <\/span>\n      <span class='bde-icon-list__text' >\n      +52 (664) 587 1903\n      <\/span>\n                  <\/a>\n\n      \n    <\/li>\n\n  <\/ul>\n\n<\/div>\n<\/div><\/div><\/div>\n<\/section><section class=\"bde-section-7494-108 bde-section\">\n              \n  \n  \n\t    \n      <div class=\"section-background-video\">\n              <video\n          autoplay\n          muted\n                      playsinline\n                                loop\n                          >\n        <source src=\"https:\/\/nangihotelboutique.com\/wp-content\/uploads\/2026\/01\/envato_video_gen_Jan_06_2026_0_08_48-1.mp4\" type=\"video\/mp4\" \/>\n      <\/video>\n      <\/div>\n\n\n  <div class=\"section-background-overlay\"><\/div>\n\n\n<div class=\"section-container\"><\/div>\n<\/section><\/main>","protected":false},"excerpt":{"rendered":"<p>Contacto Cont\u00e1ctanos y d\u00e9janos encargarnos del resto Completa el formulario y nuestro equipo se pondr\u00e1 en contacto contigo para atender tu solicitud con el cuidado y la atenci\u00f3n que mereces. Nombre* Apellido* E-mail* Tel\u00e9fono* Comentarios* He le\u00eddo y acepto el aviso de privacidad. Enviar mensaje Tus datos ser\u00e1n tratados de manera confidencial y utilizados exclusivamente [&hellip;]<\/p>\n","protected":false},"author":4,"featured_media":8224,"parent":0,"menu_order":0,"comment_status":"closed","ping_status":"closed","template":"","meta":{"_breakdance_hide_in_design_set":false,"_breakdance_tags":"","_joinchat":[],"footnotes":""},"class_list":["post-7494","page","type-page","status-publish","has-post-thumbnail","hentry"],"yoast_head":"<!-- This site is optimized with the Yoast SEO plugin v27.5 - https:\/\/yoast.com\/product\/yoast-seo-wordpress\/ -->\n<title>Contacto | Nangi Hotel<\/title>\n<meta name=\"description\" content=\"\u00bfListo para tu escapada? Contacta a Nangi Hotel Boutique en Valle de Guadalupe y recibe atenci\u00f3n personalizada para tu pr\u00f3xima estancia.\" \/>\n<meta name=\"robots\" content=\"index, follow, max-snippet:-1, max-image-preview:large, max-video-preview:-1\" \/>\n<link rel=\"canonical\" href=\"https:\/\/nangihotelboutique.com\/es\/contacto\/\" \/>\n<meta property=\"og:locale\" content=\"es_MX\" \/>\n<meta property=\"og:type\" content=\"article\" \/>\n<meta property=\"og:title\" content=\"Contacto | Nangi Hotel\" \/>\n<meta property=\"og:description\" content=\"\u00bfListo para tu escapada? Contacta a Nangi Hotel Boutique en Valle de Guadalupe y recibe atenci\u00f3n personalizada para tu pr\u00f3xima estancia.\" \/>\n<meta property=\"og:url\" content=\"https:\/\/nangihotelboutique.com\/es\/contacto\/\" \/>\n<meta property=\"og:site_name\" content=\"Nangi Hotel Boutique\" \/>\n<meta property=\"article:modified_time\" content=\"2026-04-17T22:32:35+00:00\" \/>\n<meta property=\"og:image\" content=\"https:\/\/nangihotelboutique.com\/wp-content\/uploads\/2026\/03\/nangi-hotal-boutique-valle-de-guadalupe-mexico-v18.jpg\" \/>\n\t<meta property=\"og:image:width\" content=\"682\" \/>\n\t<meta property=\"og:image:height\" content=\"1024\" \/>\n\t<meta property=\"og:image:type\" content=\"image\/jpeg\" \/>\n<meta name=\"twitter:card\" content=\"summary_large_image\" \/>\n<meta name=\"twitter:label1\" content=\"Tiempo de lectura\" \/>\n\t<meta name=\"twitter:data1\" content=\"1 minuto\" \/>\n<script type=\"application\/ld+json\" class=\"yoast-schema-graph\">{\"@context\":\"https:\\\/\\\/schema.org\",\"@graph\":[{\"@type\":\"WebPage\",\"@id\":\"https:\\\/\\\/nangihotelboutique.com\\\/es\\\/contacto\\\/\",\"url\":\"https:\\\/\\\/nangihotelboutique.com\\\/es\\\/contacto\\\/\",\"name\":\"Contacto | Nangi Hotel\",\"isPartOf\":{\"@id\":\"https:\\\/\\\/nangihotelboutique.com\\\/#website\"},\"primaryImageOfPage\":{\"@id\":\"https:\\\/\\\/nangihotelboutique.com\\\/es\\\/contacto\\\/#primaryimage\"},\"image\":{\"@id\":\"https:\\\/\\\/nangihotelboutique.com\\\/es\\\/contacto\\\/#primaryimage\"},\"thumbnailUrl\":\"https:\\\/\\\/nangihotelboutique.com\\\/wp-content\\\/uploads\\\/2026\\\/03\\\/nangi-hotal-boutique-valle-de-guadalupe-mexico-v18.jpg\",\"datePublished\":\"2026-01-06T03:00:05+00:00\",\"dateModified\":\"2026-04-17T22:32:35+00:00\",\"description\":\"\u00bfListo para tu escapada? Contacta a Nangi Hotel Boutique en Valle de Guadalupe y recibe atenci\u00f3n personalizada para tu pr\u00f3xima estancia.\",\"breadcrumb\":{\"@id\":\"https:\\\/\\\/nangihotelboutique.com\\\/es\\\/contacto\\\/#breadcrumb\"},\"inLanguage\":\"es\",\"potentialAction\":[{\"@type\":\"ReadAction\",\"target\":[\"https:\\\/\\\/nangihotelboutique.com\\\/es\\\/contacto\\\/\"]}]},{\"@type\":\"ImageObject\",\"inLanguage\":\"es\",\"@id\":\"https:\\\/\\\/nangihotelboutique.com\\\/es\\\/contacto\\\/#primaryimage\",\"url\":\"https:\\\/\\\/nangihotelboutique.com\\\/wp-content\\\/uploads\\\/2026\\\/03\\\/nangi-hotal-boutique-valle-de-guadalupe-mexico-v18.jpg\",\"contentUrl\":\"https:\\\/\\\/nangihotelboutique.com\\\/wp-content\\\/uploads\\\/2026\\\/03\\\/nangi-hotal-boutique-valle-de-guadalupe-mexico-v18.jpg\",\"width\":682,\"height\":1024},{\"@type\":\"BreadcrumbList\",\"@id\":\"https:\\\/\\\/nangihotelboutique.com\\\/es\\\/contacto\\\/#breadcrumb\",\"itemListElement\":[{\"@type\":\"ListItem\",\"position\":1,\"name\":\"Home\",\"item\":\"https:\\\/\\\/nangihotelboutique.com\\\/\"},{\"@type\":\"ListItem\",\"position\":2,\"name\":\"Contacto\"}]},{\"@type\":\"WebSite\",\"@id\":\"https:\\\/\\\/nangihotelboutique.com\\\/#website\",\"url\":\"https:\\\/\\\/nangihotelboutique.com\\\/\",\"name\":\"Nangi Hotel Boutique\",\"description\":\"Hotel Boutique en Valle de Guadalupe\",\"potentialAction\":[{\"@type\":\"SearchAction\",\"target\":{\"@type\":\"EntryPoint\",\"urlTemplate\":\"https:\\\/\\\/nangihotelboutique.com\\\/?s={search_term_string}\"},\"query-input\":{\"@type\":\"PropertyValueSpecification\",\"valueRequired\":true,\"valueName\":\"search_term_string\"}}],\"inLanguage\":\"es\"}]}<\/script>\n<!-- \/ Yoast SEO plugin. -->","yoast_head_json":{"title":"Contacto | Nangi Hotel","description":"\u00bfListo para tu escapada? Contacta a Nangi Hotel Boutique en Valle de Guadalupe y recibe atenci\u00f3n personalizada para tu pr\u00f3xima estancia.","robots":{"index":"index","follow":"follow","max-snippet":"max-snippet:-1","max-image-preview":"max-image-preview:large","max-video-preview":"max-video-preview:-1"},"canonical":"https:\/\/nangihotelboutique.com\/es\/contacto\/","og_locale":"es_MX","og_type":"article","og_title":"Contacto | Nangi Hotel","og_description":"\u00bfListo para tu escapada? Contacta a Nangi Hotel Boutique en Valle de Guadalupe y recibe atenci\u00f3n personalizada para tu pr\u00f3xima estancia.","og_url":"https:\/\/nangihotelboutique.com\/es\/contacto\/","og_site_name":"Nangi Hotel Boutique","article_modified_time":"2026-04-17T22:32:35+00:00","og_image":[{"width":682,"height":1024,"url":"https:\/\/nangihotelboutique.com\/wp-content\/uploads\/2026\/03\/nangi-hotal-boutique-valle-de-guadalupe-mexico-v18.jpg","type":"image\/jpeg"}],"twitter_card":"summary_large_image","twitter_misc":{"Tiempo de lectura":"1 minuto"},"schema":{"@context":"https:\/\/schema.org","@graph":[{"@type":"WebPage","@id":"https:\/\/nangihotelboutique.com\/es\/contacto\/","url":"https:\/\/nangihotelboutique.com\/es\/contacto\/","name":"Contacto | Nangi Hotel","isPartOf":{"@id":"https:\/\/nangihotelboutique.com\/#website"},"primaryImageOfPage":{"@id":"https:\/\/nangihotelboutique.com\/es\/contacto\/#primaryimage"},"image":{"@id":"https:\/\/nangihotelboutique.com\/es\/contacto\/#primaryimage"},"thumbnailUrl":"https:\/\/nangihotelboutique.com\/wp-content\/uploads\/2026\/03\/nangi-hotal-boutique-valle-de-guadalupe-mexico-v18.jpg","datePublished":"2026-01-06T03:00:05+00:00","dateModified":"2026-04-17T22:32:35+00:00","description":"\u00bfListo para tu escapada? Contacta a Nangi Hotel Boutique en Valle de Guadalupe y recibe atenci\u00f3n personalizada para tu pr\u00f3xima estancia.","breadcrumb":{"@id":"https:\/\/nangihotelboutique.com\/es\/contacto\/#breadcrumb"},"inLanguage":"es","potentialAction":[{"@type":"ReadAction","target":["https:\/\/nangihotelboutique.com\/es\/contacto\/"]}]},{"@type":"ImageObject","inLanguage":"es","@id":"https:\/\/nangihotelboutique.com\/es\/contacto\/#primaryimage","url":"https:\/\/nangihotelboutique.com\/wp-content\/uploads\/2026\/03\/nangi-hotal-boutique-valle-de-guadalupe-mexico-v18.jpg","contentUrl":"https:\/\/nangihotelboutique.com\/wp-content\/uploads\/2026\/03\/nangi-hotal-boutique-valle-de-guadalupe-mexico-v18.jpg","width":682,"height":1024},{"@type":"BreadcrumbList","@id":"https:\/\/nangihotelboutique.com\/es\/contacto\/#breadcrumb","itemListElement":[{"@type":"ListItem","position":1,"name":"Home","item":"https:\/\/nangihotelboutique.com\/"},{"@type":"ListItem","position":2,"name":"Contacto"}]},{"@type":"WebSite","@id":"https:\/\/nangihotelboutique.com\/#website","url":"https:\/\/nangihotelboutique.com\/","name":"Nangi Hotel Boutique","description":"Hotel Boutique en Valle de Guadalupe","potentialAction":[{"@type":"SearchAction","target":{"@type":"EntryPoint","urlTemplate":"https:\/\/nangihotelboutique.com\/?s={search_term_string}"},"query-input":{"@type":"PropertyValueSpecification","valueRequired":true,"valueName":"search_term_string"}}],"inLanguage":"es"}]}},"_links":{"self":[{"href":"https:\/\/nangihotelboutique.com\/es\/wp-json\/wp\/v2\/pages\/7494","targetHints":{"allow":["GET"]}}],"collection":[{"href":"https:\/\/nangihotelboutique.com\/es\/wp-json\/wp\/v2\/pages"}],"about":[{"href":"https:\/\/nangihotelboutique.com\/es\/wp-json\/wp\/v2\/types\/page"}],"author":[{"embeddable":true,"href":"https:\/\/nangihotelboutique.com\/es\/wp-json\/wp\/v2\/users\/4"}],"replies":[{"embeddable":true,"href":"https:\/\/nangihotelboutique.com\/es\/wp-json\/wp\/v2\/comments?post=7494"}],"version-history":[{"count":24,"href":"https:\/\/nangihotelboutique.com\/es\/wp-json\/wp\/v2\/pages\/7494\/revisions"}],"predecessor-version":[{"id":8813,"href":"https:\/\/nangihotelboutique.com\/es\/wp-json\/wp\/v2\/pages\/7494\/revisions\/8813"}],"wp:featuredmedia":[{"embeddable":true,"href":"https:\/\/nangihotelboutique.com\/es\/wp-json\/wp\/v2\/media\/8224"}],"wp:attachment":[{"href":"https:\/\/nangihotelboutique.com\/es\/wp-json\/wp\/v2\/media?parent=7494"}],"curies":[{"name":"wp","href":"https:\/\/api.w.org\/{rel}","templated":true}]}}